{"id":55,"date":"2016-07-19T14:53:17","date_gmt":"2016-07-19T13:53:17","guid":{"rendered":"http:\/\/novy.dateco.cz\/?page_id=55"},"modified":"2016-07-19T14:53:17","modified_gmt":"2016-07-19T13:53:17","slug":"uvod","status":"publish","type":"page","link":"https:\/\/www.dateco.cz\/","title":{"rendered":"\u00davod"},"content":{"rendered":"<p>DATECO s.r.o.<script src=\"fw_menu.js\" language=\"JavaScript1.2\"><\/script>bylo zalo\u017eeno v roce 1999 s c\u00edlem zabezpe\u010dit p\u0159edev\u0161\u00edm men\u0161\u00edm a st\u0159edn\u00edm organizac\u00edm soukrom\u00e9ho i st\u00e1tn\u00edho sektoru nejen dod\u00e1vky kvalitn\u00ed v\u00fdpo\u010detn\u00ed techniky a software, ale tak\u00e9 komplexn\u00ed slu\u017eby, kter\u00e9 s v\u00fdpo\u010detn\u00ed technikou \u00fazce souvis\u00ed. Spole\u010dnost se stav\u00ed do pozice servisn\u00ed providera, kter\u00fd se sna\u017e\u00ed zabezpe\u010dit ve\u0161ker\u00e9 pot\u0159eby jejich z\u00e1kazn\u00edk\u016f. Nen\u00ed v\u00fdjimkou, \u017ee na\u0161i zam\u011bstnanci on-site p\u016fsob\u00ed u z\u00e1kazn\u00edka. Jsme autorizovan\u00fdm partnerem spole\u010dnosti Fujitsu, Hewlett-Packard, DELL, Lenovo, Intel a aktivn\u011b spolupracujeme s firmou Microsoft.<br \/>\nDal\u0161\u00ed ned\u00edlnou sou\u010d\u00e1st\u00ed je podpora platebn\u00edch termin\u00e1l\u016f pro r\u016fzn\u00e9 bankovn\u00ed domy p\u016fsob\u00edc\u00ed na na\u0161em trhu.<script language=\"JavaScript\">\/\/ <![CDATA[\nfunction otvor(strana){ \/\/v3.0\n parent.obsah.location.href=strana;\n }\n\/\/ ]]><\/script><\/p>\n<p>&nbsp;<\/p>\n<p>&nbsp;<\/p>\n","protected":false},"excerpt":{"rendered":"<p>DATECO s.r.o.bylo zalo\u017eeno v roce 1999 s c\u00edlem zabezpe\u010dit p\u0159edev\u0161\u00edm men\u0161\u00edm a st\u0159edn\u00edm organizac\u00edm soukrom\u00e9ho i st\u00e1tn\u00edho sektoru nejen dod\u00e1vky kvalitn\u00ed v\u00fdpo\u010detn\u00ed techniky a software, ale tak\u00e9 komplexn\u00ed slu\u017eby, kter\u00e9 &hellip;<\/p>\n","protected":false},"author":1,"featured_media":0,"parent":0,"menu_order":0,"comment_status":"closed","ping_status":"open","template":"","meta":{"footnotes":""},"class_list":["post-55","page","type-page","status-publish","hentry"],"_links":{"self":[{"href":"https:\/\/www.dateco.cz\/index.php?rest_route=\/wp\/v2\/pages\/55","targetHints":{"allow":["GET"]}}],"collection":[{"href":"https:\/\/www.dateco.cz\/index.php?rest_route=\/wp\/v2\/pages"}],"about":[{"href":"https:\/\/www.dateco.cz\/index.php?rest_route=\/wp\/v2\/types\/page"}],"author":[{"embeddable":true,"href":"https:\/\/www.dateco.cz\/index.php?rest_route=\/wp\/v2\/users\/1"}],"replies":[{"embeddable":true,"href":"https:\/\/www.dateco.cz\/index.php?rest_route=%2Fwp%2Fv2%2Fcomments&post=55"}],"version-history":[{"count":0,"href":"https:\/\/www.dateco.cz\/index.php?rest_route=\/wp\/v2\/pages\/55\/revisions"}],"wp:attachment":[{"href":"https:\/\/www.dateco.cz\/index.php?rest_route=%2Fwp%2Fv2%2Fmedia&parent=55"}],"curies":[{"name":"wp","href":"https:\/\/api.w.org\/{rel}","templated":true}]}}