{"id":23,"date":"2015-09-17T14:49:11","date_gmt":"2015-09-17T13:49:11","guid":{"rendered":"http:\/\/novy.dateco.cz\/?page_id=23"},"modified":"2015-09-17T14:49:11","modified_gmt":"2015-09-17T13:49:11","slug":"prodej-hw-a-sw","status":"publish","type":"page","link":"https:\/\/www.dateco.cz\/?page_id=23","title":{"rendered":"Prodej HW a SW"},"content":{"rendered":"<p style=\"text-align: left;\"><span style=\"text-decoration: underline;\">Prodej hardware<\/span><\/p>\n<p>Spole\u010dnost DATECO poskytuje sv\u00fdm z\u00e1kazn\u00edk\u016fm &#8211; a to jak v r\u00e1mci jin\u00fdch produkt\u016f, jako je nap\u0159\u00edklad outsourcing, tak i samostatn\u011b &#8211; dod\u00e1vky produkt\u016f nejr\u016fzn\u011bj\u0161\u00edch produkt\u016f jak z oblasti HW, datov\u00fdch a telekomunika\u010dn\u00edch technologi\u00ed, tak nejr\u016fzn\u011bj\u0161\u00ed aplika\u010dn\u00ed vybaven\u00ed a souvisej\u00edc\u00ed produkty.<\/p>\n<p>Z toho d\u016fvodu spolupracuje na\u0161e spole\u010dnost\u00a0 v oblasti dod\u00e1vek s valnou v\u011bt\u0161inou v\u00fdznamn\u00fdch dodavatel\u016f p\u016fsob\u00edc\u00edch na \u010desk\u00e9m trhu.<\/p>\n<p style=\"text-align: left;\"><span style=\"text-decoration: underline;\">Prodej software<\/span><\/p>\n<p>S\u00a0prudk\u00fdm rozvojem v\u00fdpo\u010detn\u00ed techniky souvis\u00ed i rozvoj SW produkt\u016f, kter\u00e9 jsou nejen nezbytnou sou\u010d\u00e1st\u00ed pro funkci HW syst\u00e9m\u016f, ale spr\u00e1vn\u00fd v\u00fdb\u011br a nastaven\u00ed umoc\u0148uje v\u00fdkonnost a stabilitu jejich provozu. Vzhledem k\u00a0velmi slo\u017eit\u00e9 a\u00a0 \u010dasto i rozd\u00edln\u00e9 politice v\u00fdrobc\u016f SW a HW je \u00fa\u010deln\u00e9 spolupracovat s\u00a0firmou, kter\u00e1 disponuje \u0161kolen\u00fdmi odborn\u00edky na konkr\u00e9tn\u00ed SW a HW produkty a zajist\u00ed bezchybnou konfiguraci v\u0161ech SW i HW komponent.<\/p>\n<p>DATECO je schopno ve spolupr\u00e1ci se\u00a0sv\u00fdmi partnery navrhnout, dodat a nakonfigurovat \u0161irok\u00e9 spektrum SW produkt\u016f jak formou jednotliv\u00fdch licenc\u00ed, tak i speci\u00e1ln\u00edch multilicen\u010dn\u00edch program\u016f.<\/p>\n<p><strong>Zaji\u0161\u0165ujeme:<\/strong><\/p>\n<ul>\n<li>Prodej krabicov\u00e9ho SW<\/li>\n<li>Prodej multilicenc\u00ed<\/li>\n<li>Opera\u010dn\u00ed syst\u00e9my<\/li>\n<li>Prodej datab\u00e1zov\u00fdch produkt\u016f<\/li>\n<li>Prodej SW pro pr\u00e1ci s\u00a0dokumenty<\/li>\n<li>Prodej SW pro pr\u00e1ci a dohled nad po\u010d\u00edta\u010dovou s\u00edt\u00ed<\/li>\n<li>Prodej v\u00fdvojov\u00fdch n\u00e1stroj\u016f<\/li>\n<li>Prodej vlastn\u00edch SW aplikac\u00ed<\/li>\n<\/ul>\n<p><strong>Nab\u00edz\u00edme:<\/strong><\/p>\n<p>Produkty firem Microsoft, ESET, Symantec, Solitea, Corel \u2026<\/p>\n","protected":false},"excerpt":{"rendered":"<p>Prodej hardware Spole\u010dnost DATECO poskytuje sv\u00fdm z\u00e1kazn\u00edk\u016fm &#8211; a to jak v r\u00e1mci jin\u00fdch produkt\u016f, jako je nap\u0159\u00edklad outsourcing, tak i samostatn\u011b &#8211; dod\u00e1vky produkt\u016f nejr\u016fzn\u011bj\u0161\u00edch produkt\u016f jak z oblasti &hellip;<\/p>\n","protected":false},"author":1,"featured_media":0,"parent":0,"menu_order":0,"comment_status":"closed","ping_status":"open","template":"","meta":{"footnotes":""},"class_list":["post-23","page","type-page","status-publish","hentry"],"_links":{"self":[{"href":"https:\/\/www.dateco.cz\/index.php?rest_route=\/wp\/v2\/pages\/23","targetHints":{"allow":["GET"]}}],"collection":[{"href":"https:\/\/www.dateco.cz\/index.php?rest_route=\/wp\/v2\/pages"}],"about":[{"href":"https:\/\/www.dateco.cz\/index.php?rest_route=\/wp\/v2\/types\/page"}],"author":[{"embeddable":true,"href":"https:\/\/www.dateco.cz\/index.php?rest_route=\/wp\/v2\/users\/1"}],"replies":[{"embeddable":true,"href":"https:\/\/www.dateco.cz\/index.php?rest_route=%2Fwp%2Fv2%2Fcomments&post=23"}],"version-history":[{"count":0,"href":"https:\/\/www.dateco.cz\/index.php?rest_route=\/wp\/v2\/pages\/23\/revisions"}],"wp:attachment":[{"href":"https:\/\/www.dateco.cz\/index.php?rest_route=%2Fwp%2Fv2%2Fmedia&parent=23"}],"curies":[{"name":"wp","href":"https:\/\/api.w.org\/{rel}","templated":true}]}}