{"id":21,"date":"2015-09-17T14:45:29","date_gmt":"2015-09-17T13:45:29","guid":{"rendered":"http:\/\/novy.dateco.cz\/?page_id=21"},"modified":"2015-09-17T14:45:29","modified_gmt":"2015-09-17T13:45:29","slug":"outsourcing","status":"publish","type":"page","link":"https:\/\/www.dateco.cz\/?page_id=21","title":{"rendered":"Outsourcing"},"content":{"rendered":"<p><span class=\"style21\">Spole\u010dnost DATECO s.r.o. realizuje celou \u0161k\u00e1lu \u0159e\u0161en\u00ed a slu\u017eeb slu\u017eeb jak pro mal\u00e9 firmy, tak pro velk\u00e9 z\u00e1kazn\u00edky (nap\u0159. z \u0159ad st\u00e1tn\u00ed spr\u00e1vy a velk\u00fdch pr\u016fmyslov\u00fdch firem) i formou<span class=\"Apple-converted-space\">\u00a0<\/span><b>outsourcingu<\/b>.<\/span><\/p>\n<p>Nab\u00edz\u00edme p\u0159edev\u0161\u00edm<span class=\"Apple-converted-space\">\u00a0<\/span><strong>outsourcing IT<\/strong>,<span class=\"Apple-converted-space\">\u00a0<\/span><strong>outsourcing tiskov\u00fdch \u0159e\u0161en\u00ed<\/strong>,<span class=\"Apple-converted-space\">\u00a0<\/span><strong>outsourcing podpory<\/strong><span class=\"Apple-converted-space\">\u00a0<\/span>(helpdesk) a<span class=\"Apple-converted-space\">\u00a0<\/span><strong>ASP<\/strong><span class=\"Apple-converted-space\">\u00a0<\/span>slu\u017eby.<\/p>\n<h4 class=\"style6\">Co je outsourcing?<\/h4>\n<p><span class=\"style7\"><span class=\"style21\">Obecn\u011b se pod pojmem &#8222;Outsourcing&#8220; rozum\u00ed smluvn\u00ed vztah s extern\u00ed firmou za \u00fa\u010delem p\u0159enesen\u00ed odpov\u011bdnosti za ur\u010ditou \u010d\u00e1st funk\u010dn\u00ed oblasti, kter\u00e1 v\u011bt\u0161inou nepat\u0159\u00ed k hlavn\u00ed podnikatelsk\u00e9 \u010dinnosti podniku. Outsourcing ch\u00e1peme jako p\u0159evzet\u00ed ve\u0161ker\u00fdch pot\u0159ebn\u00fdch zdroj\u016f (HW, SW a lidsk\u00fdch zdroj\u016f) a jejich n\u00e1sledn\u00e9 poskytov\u00e1n\u00ed dodavatelem v\u010detn\u011b jejich \u0159\u00edzen\u00ed.<span class=\"Apple-converted-space\">\u00a0<\/span><br \/>\nOutsourcing je tedy:<\/span><\/span><\/p>\n<ul>\n<li>Z hlediska technick\u00e9ho delegov\u00e1n\u00edm aktivit spojen\u00fdch s provozem informa\u010dn\u00edch syst\u00e9m\u016f<\/li>\n<li>Z hlediska veden\u00ed podnik\u016f mana\u017eersk\u00fdm n\u00e1strojem \u0159\u00edzen\u00ed<\/li>\n<li>Z hlediska obchodn\u00edho strategick\u00fdm partnerstv\u00edm, kter\u00e9 se uzav\u00edr\u00e1 z d\u016fvod\u016f zv\u00fd\u0161en\u00ed konkurenceschopnosti, resp. z\u00edsk\u00e1n\u00ed konkuren\u010dn\u00ed v\u00fdhody.<\/li>\n<\/ul>\n<h4 class=\"style6\">C\u00edle outsourcingu poskytovan\u00e9 firm\u011b<\/h4>\n<p><span class=\"style7\"><span class=\"style21\">C\u00edlov\u00fdm stavem je situace, kdy je firm\u011b poskytov\u00e1na smluvn\u011b stanoven\u00e1 a p\u0159esn\u011b definovan\u00e1 funk\u010dnost IT a ve\u0161ker\u00e1 starost o tuto oblast je p\u0159enech\u00e1na specializovan\u00e9mu poskytovateli. Tato slu\u017eba m\u00e1 sv\u00e9 nesporn\u00e9 v\u00fdhody, kter\u00fdmi jsou nap\u0159\u00edklad:<\/span><\/span><\/p>\n<p>Odkupem ve\u0161ker\u00e9ho st\u00e1vaj\u00edc\u00edho HW dojde k okam\u017eit\u00e9mu p\u0159\u00edsunu finan\u010dn\u00edch prost\u0159edk\u016f do spole\u010dnosti, kter\u00e9 je outsourcing poskytov\u00e1n. Odkup je prov\u00e1d\u011bn v aktu\u00e1ln\u00ed \u00fa\u010detn\u00ed z\u016fstatkov\u00e9 cen\u011b (v\u00fdhoda pro spole\u010dnost, proto\u017ee aktu\u00e1ln\u00ed tr\u017en\u00ed cena tohoto za\u0159\u00edzen\u00ed obvykle b\u00fdv\u00e1 ni\u017e\u0161\u00ed ne\u017e jeho \u00fa\u010detn\u00ed hodnota), v od\u016fvodn\u011bn\u00fdch p\u0159\u00edpadech je mo\u017en\u00e9 jednat i o odkoupen\u00ed za tr\u017en\u00ed cenu.<\/p>\n<p>Spole\u010dnost, kter\u00e9 je outsourcing poskytov\u00e1n, p\u0159esune vynakl\u00e1dan\u00e9 finan\u010dn\u00ed prost\u0159edky na provoz IT z investic do oblasti nakupovan\u00fdch slu\u017eeb, co\u017e mimo jin\u00e9 umo\u017e\u0148uje a v\u00fdrazn\u011b usnad\u0148uje p\u0159esn\u00e9 pl\u00e1nov\u00e1n\u00ed.<\/p>\n<p>Spole\u010dnost, kter\u00e9 je outsourcing poskytov\u00e1n, vyt\u011bsn\u00ed vybranou oblast IT v\u010detn\u011b pot\u0159ebn\u00fdch slu\u017eeb a HW. T\u00edm se spole\u010dnosti uvoln\u00ed kapacity na jej\u00ed hlavn\u00ed \u010dinnost, dojde k p\u0159esunu starosti o HW a jeho opravy, n\u00e1hradn\u00ed d\u00edly atd. na DATECO(\u00faspora prost\u0159edk\u016f), DATECO rovn\u011b\u017e garantuje jistotu poskytov\u00e1n\u00ed slu\u017eeb definovan\u00e9ho standardu po dobu trv\u00e1n\u00ed smlouvy, garance provozov\u00e1n\u00ed pouze leg\u00e1ln\u00edho SW (odpad\u00e1 starost s legalizac\u00ed).<\/p>\n<p>Outsourcing na\u0161im z\u00e1kazn\u00edk\u016fm obvykle p\u0159in\u00e1\u0161\u00ed \u00fasporu n\u00e1klad\u016f. T\u011bchto \u00faspor lze dos\u00e1hnout zejm\u00e9na:<\/p>\n<ul>\n<li>Spojov\u00e1n\u00edm v\u00fdpo\u010detn\u00edch st\u0159edisek a jejich sd\u00edlen\u00edm pro v\u00edce z\u00e1kazn\u00edk\u016f<\/li>\n<li>Vy\u0161\u0161\u00edmu vyu\u017eit\u00ed a tedy i rentabilit\u011b sd\u00edlen\u00fdch zdroj\u016f a jejich sd\u00edlen\u00ed v r\u00e1mci r\u016fzn\u00fdch projekt\u016f<\/li>\n<li>Vyu\u017e\u00edv\u00e1n\u00edm smluv, kter\u00e9 m\u00e1 firma uzav\u0159en\u00e9 s dodavateli po cel\u00e9m sv\u011bt\u011b (hardware, software atd.)<\/li>\n<li>Zv\u00fd\u0161en\u00edm produktivity slu\u017eeb poskytovan\u00fdch odd\u011blen\u00edm IT<\/li>\n<\/ul>\n<p><span class=\"style7\"><span class=\"style21\">St\u00e1vaj\u00edc\u00ed syst\u00e9m sd\u00edlen\u00ed technologi\u00ed a znalost\u00ed sou\u010dasn\u011b umo\u017e\u0148uje glob\u00e1ln\u00ed aplikov\u00e1n\u00ed a p\u0159enos zku\u0161enost\u00ed z\u00edskan\u00fdch p\u0159i poskytov\u00e1n\u00ed IT slu\u017eeb na v\u0161echny z\u00e1kazn\u00edky.<\/span><\/span><\/p>\n","protected":false},"excerpt":{"rendered":"<p>Spole\u010dnost DATECO s.r.o. realizuje celou \u0161k\u00e1lu \u0159e\u0161en\u00ed a slu\u017eeb slu\u017eeb jak pro mal\u00e9 firmy, tak pro velk\u00e9 z\u00e1kazn\u00edky (nap\u0159. z \u0159ad st\u00e1tn\u00ed spr\u00e1vy a velk\u00fdch pr\u016fmyslov\u00fdch firem) i formou\u00a0outsourcingu. Nab\u00edz\u00edme &hellip;<\/p>\n","protected":false},"author":1,"featured_media":0,"parent":0,"menu_order":0,"comment_status":"closed","ping_status":"open","template":"","meta":{"footnotes":""},"class_list":["post-21","page","type-page","status-publish","hentry"],"_links":{"self":[{"href":"https:\/\/www.dateco.cz\/index.php?rest_route=\/wp\/v2\/pages\/21","targetHints":{"allow":["GET"]}}],"collection":[{"href":"https:\/\/www.dateco.cz\/index.php?rest_route=\/wp\/v2\/pages"}],"about":[{"href":"https:\/\/www.dateco.cz\/index.php?rest_route=\/wp\/v2\/types\/page"}],"author":[{"embeddable":true,"href":"https:\/\/www.dateco.cz\/index.php?rest_route=\/wp\/v2\/users\/1"}],"replies":[{"embeddable":true,"href":"https:\/\/www.dateco.cz\/index.php?rest_route=%2Fwp%2Fv2%2Fcomments&post=21"}],"version-history":[{"count":0,"href":"https:\/\/www.dateco.cz\/index.php?rest_route=\/wp\/v2\/pages\/21\/revisions"}],"wp:attachment":[{"href":"https:\/\/www.dateco.cz\/index.php?rest_route=%2Fwp%2Fv2%2Fmedia&parent=21"}],"curies":[{"name":"wp","href":"https:\/\/api.w.org\/{rel}","templated":true}]}}