{"id":16,"date":"2015-09-17T14:38:40","date_gmt":"2015-09-17T13:38:40","guid":{"rendered":"http:\/\/novy.dateco.cz\/?page_id=16"},"modified":"2015-09-17T14:38:40","modified_gmt":"2015-09-17T13:38:40","slug":"profil-spolecnosti","status":"publish","type":"page","link":"https:\/\/www.dateco.cz\/?page_id=16","title":{"rendered":"Profil spole\u010dnosti"},"content":{"rendered":"<p>Vstoupili jsme do t\u0159et\u00edho tis\u00edcilet\u00ed. Fenom\u00e9nem doby je glob\u00e1ln\u00ed komunikace. Na\u0161\u00edm c\u00edlem je nab\u00eddnout z\u00e1kazn\u00edk\u016fm snadn\u00fd p\u0159\u00edstup k\u00a0informac\u00edm, ke vzd\u011bl\u00e1n\u00ed a k prost\u0159edk\u016fm pro snadnou a efektivn\u00ed komunikaci.<br \/>\nNa\u0161e nab\u00eddka je zalo\u017eena na \u010dty\u0159ech z\u00e1kladn\u00edch pravidlech, kter\u00e1 d\u00e1vaj\u00ed klient\u016fm z\u00e1ruku volby optim\u00e1ln\u00edho \u0159e\u0161en\u00ed a ochrany jeho investic do informa\u010dn\u00edch technologi\u00ed.<br \/>\n<strong>1) Dostupnost<\/strong><br \/>\n&#8211;\u00a0kvalitn\u00ed produkty jsou nab\u00edzeny za p\u0159\u00edznivou cenu, kter\u00e1 respektuje mo\u017enosti z\u00e1kazn\u00edk\u016f<br \/>\n&#8211;\u00a0n\u00e1kup nab\u00edzen\u00fdch produkt\u016f je mo\u017en\u00e9 prov\u00e9st tak\u00e9 za v\u00fdhodn\u00fdch podm\u00ednek formou leasingu jak pro pr\u00e1vnick\u00e9, tak fyzick\u00e9 osoby<\/p>\n<p><strong>2) Kvalita<\/strong><br \/>\n-nab\u00eddka stav\u00ed na produktech p\u0159edn\u00edch v\u00fdrobc\u016f informa\u010dn\u00edch technologi\u00ed: Intel, Microsoft, Hewlett-Packard, Fujitsu, IBM, Canon, Minolta, Toshiba, Acer, Olympus, Adobe, Corel, Nokia, Siemens, atd..<br \/>\n-kvalitn\u00ed a spolehliv\u00e1 \u0159e\u0161en\u00ed nab\u00edzej\u00ed pracovn\u00edci s\u00a0dlouhodobou prax\u00ed a znalostmi ov\u011b\u0159en\u00fdmi certifik\u00e1ty spole\u010dnost\u00ed Dell, Lenovo, Hewlett-Packard, Microsoft<br \/>\n-po\u010d\u00edta\u010de COMFOR, kter\u00e9 jako prvn\u00ed v\u00a0\u010cesk\u00e9 republice z\u00edskaly \u00a0certifik\u00e1t kvality ISO9002 a ISO9001<\/p>\n<p><strong>3) \u0158e\u0161en\u00ed<\/strong><br \/>\nNa\u0161\u00edm c\u00edlem je poskytovat z\u00e1kazn\u00edk\u016fm co mo\u017en\u00e1 nej\u0161ir\u0161\u00ed a pro konkr\u00e9tn\u00ed pot\u0159ebu i nejoptim\u00e1ln\u011bj\u0161\u00ed\u00a0 nab\u00eddku v\u00fdpo\u010detn\u00ed a kancel\u00e1\u0159sk\u00e9 techniky na technologick\u00e9 \u00farovni odpov\u00eddaj\u00edc\u00edm trend\u016fm budoucnosti v\u00a0informa\u010dn\u00edch technologi\u00edch.<\/p>\n<p><u>Kabel\u00e1\u017ee po\u010d\u00edta\u010dov\u00fdch s\u00edt\u00ed<br \/>\n<\/u>-Projekty a instalace strukturovan\u00fdch kabel\u00e1\u017e\u00ed po\u010d\u00edta\u010dov\u00fdch s\u00edt\u00ed\u00a0 s 15 a\u017e 20 letou z\u00e1rukou, pro p\u0159enosov\u00e9 rychlosti a\u017e 10\u00a0Gbs, instalace optick\u00fdch tras, v\u010detn\u011b zaji\u0161t\u011bn\u00ed instalace telekomunika\u010dn\u00edch \u00fast\u0159eden a p\u0159ipojen\u00ed na Internet.<br \/>\n-Instalace a konfigurace aktivn\u00edch prvk\u016f lok\u00e1ln\u00edch s\u00edt\u00ed \u2013 huby , switche,<br \/>\n-Instalace a konfigurace aktivn\u00edch prvk\u016f pro propojov\u00e1n\u00ed s\u00edt\u00ed a p\u0159ipojen\u00ed s\u00edt\u00ed na Internet &#8211; routery<\/p>\n<p><u>Hardware &#8211; servery a stanice platformy Intel<br \/>\n<\/u>-N\u00e1vrhy a instalace\u00a0 optim\u00e1ln\u00ed konfigurace<br \/>\n-hardware server\u016f a jejich p\u0159\u00edslu\u0161enstv\u00ed (UPS,z\u00e1lohovac\u00ed a archiva\u010dn\u00ed syst\u00e9my,)<br \/>\n-N\u00e1vrhy a instalace stanic v\u00a0s\u00edti Windows a Novell .<\/p>\n<p><u>Software po\u010d\u00edta\u010dov\u00fdch s\u00edt\u00ed- MS Windows<br \/>\n<\/u>&#8211; N\u00e1vrhy a instalace s\u00edt\u00ed na platform\u011b MS Windows a jejich nadstaveb s\u00a0technologiemi Internetu pro tvorbu podnikov\u00e9ho Intranetu<br \/>\n-Instalace a \u00fadr\u017eby syst\u00e9m\u016f\u00a0 el. v\u00fdm\u011bny informac\u00ed platformy MS Exchange a jejich dopl\u0148k\u016f nap\u0159. pro hromadn\u00e9 faxov\u00e1n\u00ed apod.<\/p>\n<p><u>Servis &#8211; \u00fadr\u017eba &#8211; administrace po\u010d. s\u00edt\u00ed<br \/>\n<\/u>-\u00dadr\u017eba a administrace po\u010d\u00edta\u010dov\u00fdch s\u00edt\u00ed v\u010detn\u011b hw a sw servisu a p\u0159\u00edp. hot \u2013line produktu MS Office a MS SBS\u2026<br \/>\n-Vzd\u00e1len\u00e1 spr\u00e1va a \u00fadr\u017eba po\u010d\u00edta\u010dov\u00fdch s\u00edt\u00ed\u00a0 p\u0159es internetov\u00e9 p\u0159ipojen\u00ed nebo ve\u0159ejnou telefonn\u00ed s\u00ed\u0165.<\/p>\n<p><strong>4) Slu\u017eby a p\u00e9\u010de o z\u00e1kazn\u00edka<\/strong><br \/>\n-komplexn\u00ed program p\u0159ed a po prodejn\u00edch slu\u017eeb z\u00e1kazn\u00edk\u016fm<br \/>\n-kvalitn\u00ed z\u00e1ru\u010dn\u00ed a poz\u00e1ru\u010dn\u00ed servis v\u00a0autorizovan\u00e9m servisn\u00edm centru DATECO, p\u0159\u00edpadn\u011b v\u00a0servisn\u00edch centrech v\u00fdrobc\u016f<br \/>\n-HOT LINE na po\u010d\u00edta\u010de COMFOR a vybran\u00e9 produkty MICROSOFT<br \/>\n-z\u00e1silkov\u00e1 slu\u017eba<br \/>\n-informa\u010dn\u00ed linka<\/p>\n<p>Maloobchodn\u00ed prodejny se servisn\u00edmi techniky zaji\u0161\u0165uj\u00ed b\u011b\u017en\u00e9 servisn\u00ed \u00fakony a \u00fadr\u017ebu\u00a0 na \u00farovni hardware a software osobn\u00edch po\u010d\u00edta\u010d\u016f a jejich s\u00ed\u0165ov\u00e9ho propojen\u00ed \u201epeer to peer\u201c ve Windows 7, W8, W8.1 W10 a propojen\u00ed se serverem MS Windows Server a p\u0159ipojen\u00ed PC na Internet.<\/p>\n<p>Divize Syst\u00e9my a \u0159e\u0161en\u00ed &#8211; zaji\u0161\u0165uj\u00ed komplexn\u00ed servisn\u00ed slu\u017eby pro hardware a software server\u016f, datov\u00fdch s\u00ed\u0165ov\u00fdch prvk\u016f a stanice v\u010dten\u011b jejich pravideln\u00e9 \u00fadr\u017eby , administrace, podpory a hot-line.<\/p>\n<p>&nbsp;<\/p>\n","protected":false},"excerpt":{"rendered":"<p>Vstoupili jsme do t\u0159et\u00edho tis\u00edcilet\u00ed. Fenom\u00e9nem doby je glob\u00e1ln\u00ed komunikace. Na\u0161\u00edm c\u00edlem je nab\u00eddnout z\u00e1kazn\u00edk\u016fm snadn\u00fd p\u0159\u00edstup k\u00a0informac\u00edm, ke vzd\u011bl\u00e1n\u00ed a k prost\u0159edk\u016fm pro snadnou a efektivn\u00ed komunikaci. Na\u0161e nab\u00eddka &hellip;<\/p>\n","protected":false},"author":1,"featured_media":0,"parent":0,"menu_order":0,"comment_status":"closed","ping_status":"open","template":"","meta":{"footnotes":""},"class_list":["post-16","page","type-page","status-publish","hentry"],"_links":{"self":[{"href":"https:\/\/www.dateco.cz\/index.php?rest_route=\/wp\/v2\/pages\/16","targetHints":{"allow":["GET"]}}],"collection":[{"href":"https:\/\/www.dateco.cz\/index.php?rest_route=\/wp\/v2\/pages"}],"about":[{"href":"https:\/\/www.dateco.cz\/index.php?rest_route=\/wp\/v2\/types\/page"}],"author":[{"embeddable":true,"href":"https:\/\/www.dateco.cz\/index.php?rest_route=\/wp\/v2\/users\/1"}],"replies":[{"embeddable":true,"href":"https:\/\/www.dateco.cz\/index.php?rest_route=%2Fwp%2Fv2%2Fcomments&post=16"}],"version-history":[{"count":0,"href":"https:\/\/www.dateco.cz\/index.php?rest_route=\/wp\/v2\/pages\/16\/revisions"}],"wp:attachment":[{"href":"https:\/\/www.dateco.cz\/index.php?rest_route=%2Fwp%2Fv2%2Fmedia&parent=16"}],"curies":[{"name":"wp","href":"https:\/\/api.w.org\/{rel}","templated":true}]}}